{"id":53,"date":"2023-05-02T09:28:01","date_gmt":"2023-05-02T09:28:01","guid":{"rendered":"http:\/\/quintadofalcao.bonsaidev.nl\/?page_id=53"},"modified":"2023-06-01T10:03:47","modified_gmt":"2023-06-01T10:03:47","slug":"home","status":"publish","type":"page","link":"https:\/\/www.quintadofalcao.com\/pt\/","title":{"rendered":"Home"},"content":{"rendered":"<style type=\"text\/css\" data-created_by=\"avia_inline_auto\" id=\"style-css-av-lhj48864-e3f20894f826313f3ddb9f09b88edb54\">\n.avia-section.av-lhj48864-e3f20894f826313f3ddb9f09b88edb54{\nbackground-repeat:no-repeat;\nbackground-image:url(https:\/\/www.quintadofalcao.com\/wp-content\/uploads\/2023\/05\/CALU6450-1.jpg);\nbackground-position:50% 50%;\nbackground-attachment:scroll;\n}\n.avia-section.av-lhj48864-e3f20894f826313f3ddb9f09b88edb54 .av-section-color-overlay{\nopacity:0.5;\nbackground-color:#000000;\n}\n<\/style>\n<div id='av_section_1'  class='avia-section av-lhj48864-e3f20894f826313f3ddb9f09b88edb54 main_color avia-section-default avia-no-border-styling  avia-builder-el-0  el_before_av_section  avia-builder-el-first  avia-full-stretch avia-bg-style-scroll av-section-color-overlay-active av-minimum-height av-minimum-height-custom  av-section-with-video-bg container_wrap fullsize'  data-section-bg-repeat='stretch' data-av_minimum_height_px='650' data-section-video-ratio='16:9'><div  class='avia-slideshow av_slideshow_obj-1-6a047167c1da0 avia-slideshow-featured av_slideshow avia-slide-slider av-slideshow-ui av-control-default av-slideshow-manual av-loop-once av-loop-manual-endless av-default-height-applied  av-section-video-bg avia-slideshow-1' data-slideshow-options=\"{&quot;animation&quot;:&quot;slide&quot;,&quot;autoplay&quot;:false,&quot;loop_autoplay&quot;:&quot;once&quot;,&quot;interval&quot;:5,&quot;loop_manual&quot;:&quot;manual-endless&quot;,&quot;autoplay_stopper&quot;:false,&quot;noNavigation&quot;:false,&quot;bg_slider&quot;:false,&quot;keep_padding&quot;:false,&quot;hoverpause&quot;:false,&quot;show_slide_delay&quot;:0}\"  itemprop=\"image\" itemscope=\"itemscope\" itemtype=\"https:\/\/schema.org\/ImageObject\" ><ul class='avia-slideshow-inner' style='padding-bottom: 28.666666666667%;'><li  data-controls='disabled' data-mute='aviaTBaviaTBvideo_mute' data-loop='1' data-disable-autoplay=''  data-video-ratio='1.7777777777778' class='avia-slideshow-slide av_slideshow_obj-1-6a047167c1da0__0  av-video-slide  av-video-service-vimeo  av-hide-video-controls av-mute-video av-loop-video  av-single-slide slide-1 slide-odd'><div data-rel='slideshow-1' class='avia-slide-wrap'   ><div class='av-click-overlay'><\/div><div class='mejs-mediaelement'  itemprop=\"video\" itemtype=\"https:\/\/schema.org\/VideoObject\" ><div data-src='\/\/player.vimeo.com\/video\/831427460?autoplay=1&#038;loop=1&#038;muted=1&#038;portrait=0&#038;byline=0&#038;title=0&#038;badge=0&#038;loop=1&#038;autopause=0&#038;api=1&#038;rel=0&#038;player_id=player_53_1121864719_505227211&#038;color=9f272f' data-original_url='https:\/\/vimeo.com\/831427460?autoplay=1&amp;loop=1&amp;muted=1' height='1600' width='900' class='av_vimeo_frame' id='player_53_1121864719_505227211'><\/div><\/div><div class=\"av-click-to-play-overlay\"><div class=\"avia_playpause_icon\"><\/div><\/div><\/div><\/li><\/ul><\/div><div class=\"av-section-color-overlay-wrap\"><div class=\"av-section-color-overlay\"><\/div><div class='container av-section-cont-open' style='height:650px'><main  role=\"main\" itemprop=\"mainContentOfPage\"  class='template-page content  av-content-full alpha units'><div class='post-entry post-entry-type-page post-entry-53'><div class='entry-content-wrapper clearfix'>\n<div class='flex_column av-21uap-1fd3dfc19e1eb444ae0e613a4cb93935 av_one_fifth  avia-builder-el-1  el_before_av_three_fifth  avia-builder-el-first  first flex_column_div'     ><\/div><div class='flex_column av-1isht-85eadc4d23a8823b32d70006d35508a6 av_three_fifth  avia-builder-el-2  el_after_av_one_fifth  el_before_av_one_fifth  flex_column_div'     ><p>\n<style type=\"text\/css\" data-created_by=\"avia_inline_auto\" id=\"style-css-av-lh630xzn-009f1a0cf87b8e63e40d44474af653a1\">\n#top .av-special-heading.av-lh630xzn-009f1a0cf87b8e63e40d44474af653a1{\npadding-bottom:10px;\ncolor:#ffffff;\n}\nbody .av-special-heading.av-lh630xzn-009f1a0cf87b8e63e40d44474af653a1 .av-special-heading-tag .heading-char{\nfont-size:25px;\n}\n.av-special-heading.av-lh630xzn-009f1a0cf87b8e63e40d44474af653a1 .special-heading-inner-border{\nborder-color:#ffffff;\n}\n.av-special-heading.av-lh630xzn-009f1a0cf87b8e63e40d44474af653a1 .av-subheading{\nfont-size:15px;\n}\n<\/style>\n<div  class='av-special-heading av-lh630xzn-009f1a0cf87b8e63e40d44474af653a1 av-special-heading-h1 custom-color-heading blockquote modern-quote  avia-builder-el-3  el_before_av_hr  avia-builder-el-first'><div class='av_custom_color av-subheading av-subheading_above'><p>Centro H\u00edpico e eventos<\/p>\n<\/div><h1 class='av-special-heading-tag'  itemprop=\"headline\"  >Vamos fazer mem\u00f3rias inesquec\u00edveis.<\/h1><div class=\"special-heading-border\"><div class=\"special-heading-inner-border\"><\/div><\/div><\/div><br \/>\n\n<style type=\"text\/css\" data-created_by=\"avia_inline_auto\" id=\"style-css-av-lh63gh10-bb32d75beacbb96089ab3ee1cb0b69da\">\n#top .hr.hr-invisible.av-lh63gh10-bb32d75beacbb96089ab3ee1cb0b69da{\nheight:25px;\n}\n<\/style>\n<div  class='hr av-lh63gh10-bb32d75beacbb96089ab3ee1cb0b69da hr-invisible  avia-builder-el-4  el_after_av_heading  el_before_av_buttonrow'><span class='hr-inner'><span class=\"hr-inner-style\"><\/span><\/span><\/div><br \/>\n<div  class='avia-buttonrow-wrap av-lia0ejmf-d19718d330bbd7f25758f1dcb96141ce avia-buttonrow-left  avia-builder-el-5  el_after_av_hr  avia-builder-el-last'>\n\n<style type=\"text\/css\" data-created_by=\"avia_inline_auto\" id=\"style-css-av-lia0eiyh-3d16345d62a7e42ea7633662c7670038\">\n#top #wrap_all .avia-button.av-lia0eiyh-3d16345d62a7e42ea7633662c7670038{\nmargin-bottom:20px;\nmargin-right:20px;\n}\n<\/style>\n<a href='https:\/\/vimeo.com\/831427460?share=copy'  class='avia-button av-lia0eiyh-3d16345d62a7e42ea7633662c7670038 avia-icon_select-no avia-size-small avia-color-theme-color'  ><span class='avia_iconbox_title' ><i class=\"fa-solid fa-circle-play\"><\/i> Assista nosso v\u00eddeo<\/span><\/a>\n\n<style type=\"text\/css\" data-created_by=\"avia_inline_auto\" id=\"style-css-av-lia0fk94-d79e2f02e473971e6e2511e2deb51f31\">\n#top #wrap_all .avia-button.av-lia0fk94-d79e2f02e473971e6e2511e2deb51f31{\nmargin-bottom:20px;\nmargin-right:20px;\n}\n<\/style>\n<a href='https:\/\/www.quintadofalcao.com\/pt\/contact\/'  class='avia-button av-lia0fk94-d79e2f02e473971e6e2511e2deb51f31 avia-icon_select-no avia-size-small avia-color-red'  ><span class='avia_iconbox_title' >Agende agora<\/span><\/a>\n<\/div><\/p><\/div><div class='flex_column av-11sx5-a5370d3a0ae1f26fd7bc65b28a41c20a av_one_fifth  avia-builder-el-6  el_after_av_three_fifth  avia-builder-el-last  flex_column_div'     ><\/div>\n\n<\/div><\/div><\/main><!-- close content main element --><\/div><\/div><\/div>\n<style type=\"text\/css\" data-created_by=\"avia_inline_auto\" id=\"style-css-av-lh63igsd-42519618b4aa45e5337839e9176d0421\">\n.avia-section.av-lh63igsd-42519618b4aa45e5337839e9176d0421{\nbackground-color:#1f5f4c;\nbackground-image:url(https:\/\/www.quintadofalcao.com\/wp-content\/uploads\/2023\/05\/Tegels-achtergrond.png);\nbackground-repeat:no-repeat;\nbackground-position:50% 0%;\nbackground-attachment:scroll;\n}\n<\/style>\n<div id='av_section_2'  class='avia-section av-lh63igsd-42519618b4aa45e5337839e9176d0421 main_color avia-section-large avia-no-border-styling  avia-builder-el-7  el_after_av_section  el_before_av_section  avia-full-stretch avia-bg-style-scroll container_wrap fullsize'  data-section-bg-repeat='stretch'><div class='container av-section-cont-open' ><div class='template-page content  av-content-full alpha units'><div class='post-entry post-entry-type-page post-entry-53'><div class='entry-content-wrapper clearfix'>\n<div class='flex_column_table av-1ghut-ea764ed9337a9f229a9bb85bc20ccf28 sc-av_one_fifth av-equal-height-column-flextable'><div class='flex_column av-1ghut-ea764ed9337a9f229a9bb85bc20ccf28 av_one_fifth  avia-builder-el-8  el_before_av_three_fifth  avia-builder-el-first  first no_margin flex_column_table_cell av-equal-height-column av-align-top'     ><\/div><div class='flex_column av-24mj1-90f578b6d23749b597831d7a5abcac79 av_three_fifth  avia-builder-el-9  el_after_av_one_fifth  el_before_av_one_fifth  no_margin flex_column_table_cell av-equal-height-column av-align-top'     ><style type=\"text\/css\" data-created_by=\"avia_inline_auto\" id=\"style-css-av-lh63kf9w-d3e9f25cdfae32c76396b177d0183481\">\n#top .av_textblock_section.av-lh63kf9w-d3e9f25cdfae32c76396b177d0183481 .avia_textblock{\ncolor:#ffffff;\n}\n<\/style>\n<section  class='av_textblock_section av-lh63kf9w-d3e9f25cdfae32c76396b177d0183481'  itemscope=\"itemscope\" itemtype=\"https:\/\/schema.org\/CreativeWork\" ><div class='avia_textblock av_inherit_color'  itemprop=\"text\" ><h2 style=\"text-align: center;\">Em nossa bela localiza\u00e7\u00e3o, oferecemos oportunidades equestres e eventos inesquec\u00edveis. Sobre o que voc\u00ea gostaria de mais informa\u00e7\u00f5es?<\/h2>\n<\/div><\/section><br \/>\n\n<style type=\"text\/css\" data-created_by=\"avia_inline_auto\" id=\"style-css-av-lh642a81-de79afa157c46b7f8b2572920f1c5164\">\n#top .hr.hr-invisible.av-lh642a81-de79afa157c46b7f8b2572920f1c5164{\nheight:10px;\n}\n<\/style>\n<div  class='hr av-lh642a81-de79afa157c46b7f8b2572920f1c5164 hr-invisible  avia-builder-el-11  el_after_av_textblock  avia-builder-el-last'><span class='hr-inner'><span class=\"hr-inner-style\"><\/span><\/span><\/div><\/p><\/div><div class='flex_column av-py81-85a5a2df98d4a0b2a5e64dc6b2a641db av_one_fifth  avia-builder-el-12  el_after_av_three_fifth  el_before_av_one_half  no_margin flex_column_table_cell av-equal-height-column av-align-top'     ><\/div><\/div><!--close column table wrapper. Autoclose: 1 --><div class='flex_column_table av-1qdet-dcfed74c8d5bd45a64802ae18839b578 sc-av_one_half av-equal-height-column-flextable'>\n<style type=\"text\/css\" data-created_by=\"avia_inline_auto\" id=\"style-css-av-1qdet-dcfed74c8d5bd45a64802ae18839b578\">\n.flex_column.av-1qdet-dcfed74c8d5bd45a64802ae18839b578{\nborder-width:20px;\nborder-color:#f2b125;\nborder-style:solid;\npadding:140px 40px 140px 40px;\nbackground:url(https:\/\/www.quintadofalcao.com\/wp-content\/uploads\/2023\/05\/Group-11.png) 50% 50% no-repeat scroll ;\n}\n<\/style>\n<div class='flex_column av-1qdet-dcfed74c8d5bd45a64802ae18839b578 av_one_half  avia-builder-el-13  el_after_av_one_fifth  el_before_av_one_half  first flex_column_table_cell av-equal-height-column av-align-top avia-full-stretch avia-link-column av-column-link avia-link-column-hover column-top-margin'    data-link-column-url=\"https:\/\/www.quintadofalcao.com\/pt\/equestrian-centre\/\"   ><a class=\"av-screen-reader-only\" href=\"https:\/\/www.quintadofalcao.com\/pt\/equestrian-centre\/\" >Link to: Equestrian centre<\/a><style type=\"text\/css\" data-created_by=\"avia_inline_auto\" id=\"style-css-av-lh63suzl-856062d43632c45afad9236ad234afe3\">\n#top .av_textblock_section.av-lh63suzl-856062d43632c45afad9236ad234afe3 .avia_textblock{\ncolor:#ffffff;\n}\n<\/style>\n<section  class='av_textblock_section av-lh63suzl-856062d43632c45afad9236ad234afe3'  itemscope=\"itemscope\" itemtype=\"https:\/\/schema.org\/CreativeWork\" ><div class='avia_textblock av_inherit_color'  itemprop=\"text\" ><h2 style=\"text-align: center;\">Centro H\u00edpico<\/h2>\n<\/div><\/section><br \/>\n\n<style type=\"text\/css\" data-created_by=\"avia_inline_auto\" id=\"style-css-av-10q6p-120f8a78c42f226a1284195db0e0edea\">\n#top .hr.hr-invisible.av-10q6p-120f8a78c42f226a1284195db0e0edea{\nheight:15px;\n}\n<\/style>\n<div  class='hr av-10q6p-120f8a78c42f226a1284195db0e0edea hr-invisible  avia-builder-el-15  el_after_av_textblock  el_before_av_button'><span class='hr-inner'><span class=\"hr-inner-style\"><\/span><\/span><\/div><br \/>\n<div  class='avia-button-wrap av-10on5-22d5d57a3033a84f55210ca5e77cc2e4-wrap avia-button-center  avia-builder-el-16  el_after_av_hr  avia-builder-el-last'><a href='https:\/\/www.quintadofalcao.com\/pt\/equestrian-centre\/'  class='avia-button av-10on5-22d5d57a3033a84f55210ca5e77cc2e4 avia-icon_select-no avia-size-small avia-position-center avia-color-theme-color-highlight'  ><span class='avia_iconbox_title' >Consulte Mais informa\u00e7\u00e3o<\/span><\/a><\/div><\/p><\/div><div class='av-flex-placeholder'><\/div>\n<style type=\"text\/css\" data-created_by=\"avia_inline_auto\" id=\"style-css-av-lh63z345-8c349efa6628a25b05d4a913e7fc62f1\">\n.flex_column.av-lh63z345-8c349efa6628a25b05d4a913e7fc62f1{\nborder-width:20px;\nborder-color:#f2b125;\nborder-style:solid;\npadding:140px 40px 140px 40px;\nbackground:url(https:\/\/www.quintadofalcao.com\/wp-content\/uploads\/2023\/05\/Group-12.png) 50% 50% no-repeat scroll ;\n}\n<\/style>\n<div class='flex_column av-lh63z345-8c349efa6628a25b05d4a913e7fc62f1 av_one_half  avia-builder-el-17  el_after_av_one_half  avia-builder-el-last  flex_column_table_cell av-equal-height-column av-align-top avia-full-stretch avia-link-column av-column-link avia-link-column-hover column-top-margin'    data-link-column-url=\"https:\/\/www.quintadofalcao.com\/pt\/events\/\"   ><a class=\"av-screen-reader-only\" href=\"https:\/\/www.quintadofalcao.com\/pt\/events\/\" >Link to: Events<\/a><style type=\"text\/css\" data-created_by=\"avia_inline_auto\" id=\"style-css-av-lh63ytp5-76490790b5b49b56a025a1ca8a412daa\">\n#top .av_textblock_section.av-lh63ytp5-76490790b5b49b56a025a1ca8a412daa .avia_textblock{\ncolor:#ffffff;\n}\n<\/style>\n<section  class='av_textblock_section av-lh63ytp5-76490790b5b49b56a025a1ca8a412daa'  itemscope=\"itemscope\" itemtype=\"https:\/\/schema.org\/CreativeWork\" ><div class='avia_textblock av_inherit_color'  itemprop=\"text\" ><h2 style=\"text-align: center;\">Local dos eventos<\/h2>\n<\/div><\/section><br \/>\n\n<style type=\"text\/css\" data-created_by=\"avia_inline_auto\" id=\"style-css-av-5dk5-a955019d32ff70d34262fa4e27d5a75d\">\n#top .hr.hr-invisible.av-5dk5-a955019d32ff70d34262fa4e27d5a75d{\nheight:15px;\n}\n<\/style>\n<div  class='hr av-5dk5-a955019d32ff70d34262fa4e27d5a75d hr-invisible  avia-builder-el-19  el_after_av_textblock  el_before_av_button'><span class='hr-inner'><span class=\"hr-inner-style\"><\/span><\/span><\/div><br \/>\n<div  class='avia-button-wrap av-410x-50366371274e6f14d20be4d2efbf0dfb-wrap avia-button-center  avia-builder-el-20  el_after_av_hr  avia-builder-el-last'><a href='https:\/\/www.quintadofalcao.com\/pt\/events\/'  class='avia-button av-410x-50366371274e6f14d20be4d2efbf0dfb avia-icon_select-no avia-size-small avia-position-center avia-color-theme-color-highlight'  ><span class='avia_iconbox_title' >Consulte Mais informa\u00e7\u00e3o<\/span><\/a><\/div><\/p><\/div><\/div><!--close column table wrapper. Autoclose: 1 -->\n\n<\/div><\/div><\/div><!-- close content main div --><\/div><\/div><div id='av_section_3'  class='avia-section av-1goq1-3b230ba51371642ad1f4d3003e2e1926 main_color avia-section-default avia-no-border-styling  avia-builder-el-21  el_after_av_section  el_before_av_section  avia-bg-style-scroll container_wrap fullsize'  ><div class='container av-section-cont-open' ><div class='template-page content  av-content-full alpha units'><div class='post-entry post-entry-type-page post-entry-53'><div class='entry-content-wrapper clearfix'>\n<div class='flex_column av-1388d-98c728ea7077aef5221cf0dfc9481e97 av_one_full  avia-builder-el-22  avia-builder-el-no-sibling  first flex_column_div'     ><p>\n<style type=\"text\/css\" data-created_by=\"avia_inline_auto\" id=\"style-css-av-lh644j0d-90496d170644f4edea95a678916b107e\">\n#top .av-special-heading.av-lh644j0d-90496d170644f4edea95a678916b107e{\npadding-bottom:10px;\n}\nbody .av-special-heading.av-lh644j0d-90496d170644f4edea95a678916b107e .av-special-heading-tag .heading-char{\nfont-size:25px;\n}\n.av-special-heading.av-lh644j0d-90496d170644f4edea95a678916b107e .av-subheading{\nfont-size:15px;\n}\n<\/style>\n<div  class='av-special-heading av-lh644j0d-90496d170644f4edea95a678916b107e av-special-heading-h2 blockquote modern-quote modern-centered  avia-builder-el-23  el_before_av_hr  avia-builder-el-first'><h2 class='av-special-heading-tag'  itemprop=\"headline\"  ><i class=\"fa-brands fa-instagram\"><\/i> \u00daltimas do nosso Instagram<\/h2><div class=\"special-heading-border\"><div class=\"special-heading-inner-border\"><\/div><\/div><\/div><br \/>\n\n<style type=\"text\/css\" data-created_by=\"avia_inline_auto\" id=\"style-css-av-lia3beh4-e49e50a9c6d5f1e949aa5eb7118fb0b8\">\n#top .hr.hr-invisible.av-lia3beh4-e49e50a9c6d5f1e949aa5eb7118fb0b8{\nheight:30px;\n}\n<\/style>\n<div  class='hr av-lia3beh4-e49e50a9c6d5f1e949aa5eb7118fb0b8 hr-invisible  avia-builder-el-24  el_after_av_heading  el_before_av_codeblock'><span class='hr-inner'><span class=\"hr-inner-style\"><\/span><\/span><\/div><br \/>\n<\/p><\/div>\n\n<\/div><\/div><\/div><!-- close content main div --><\/div><\/div><div id='av_section_4'  class='avia-section av-4x7d1-7c6161b77a4a590d93b6cb42615b20f6 alternate_color avia-section-default avia-no-border-styling  avia-builder-el-26  el_after_av_section  avia-builder-el-last  avia-bg-style-scroll container_wrap fullsize'  ><div class='container av-section-cont-open' ><div class='template-page content  av-content-full alpha units'><div class='post-entry post-entry-type-page post-entry-53'><div class='entry-content-wrapper clearfix'>\n<div class='flex_column av-48p15-6813b826d11bf6baf35b252a70fd82fc av_one_full  avia-builder-el-27  avia-builder-el-no-sibling  first flex_column_div'     ><p>\n<style type=\"text\/css\" data-created_by=\"avia_inline_auto\" id=\"style-css-av-405p9-a21061740a859235997b434dc2e446c9\">\n#top .av-special-heading.av-405p9-a21061740a859235997b434dc2e446c9{\npadding-bottom:10px;\n}\nbody .av-special-heading.av-405p9-a21061740a859235997b434dc2e446c9 .av-special-heading-tag .heading-char{\nfont-size:25px;\n}\n.av-special-heading.av-405p9-a21061740a859235997b434dc2e446c9 .av-subheading{\nfont-size:15px;\n}\n<\/style>\n<div  class='av-special-heading av-405p9-a21061740a859235997b434dc2e446c9 av-special-heading-h2 blockquote modern-quote modern-centered  avia-builder-el-28  el_before_av_partner  avia-builder-el-first'><h2 class='av-special-heading-tag'  itemprop=\"headline\"  >Parcerias das quais nos orgulhamos<\/h2><div class=\"special-heading-border\"><div class=\"special-heading-inner-border\"><\/div><\/div><\/div><br \/>\n<div  class='avia-logo-element-container av-lh64go1e-cbcf688562300e65bbd2e86e2cab765d av-border-deactivate avia-logo-slider avia-content-slider avia-smallarrow-slider avia-content-slider-active noHover avia-content-slider-odd  avia-builder-el-29  el_after_av_heading  el_before_av_hr  av-slideshow-ui av-control-hidden av-nav-arrows-visible av-nav-dots-visible av-no-slider-navigation av-hide-nav-arrows av-slideshow-autoplay av-loop-endless av-loop-manual-endless avia-content-slider1' data-slideshow-options=\"{&quot;animation&quot;:&quot;slide&quot;,&quot;autoplay&quot;:true,&quot;loop_autoplay&quot;:&quot;endless&quot;,&quot;interval&quot;:5,&quot;loop_manual&quot;:&quot;manual-endless&quot;,&quot;autoplay_stopper&quot;:false,&quot;noNavigation&quot;:true,&quot;bg_slider&quot;:false,&quot;keep_padding&quot;:&quot;&quot;,&quot;hoverpause&quot;:false,&quot;show_slide_delay&quot;:0}\"><div class='avia-smallarrow-slider-heading  no-logo-slider-heading'><\/div><div class=\"avia-content-slider-inner\"><div class=\"slide-entry-wrap\"><div  class='slide-entry av-122kd-fcf058dcbfdf70b99cd3cd907fa3c718 flex_column no_margin av_one_fifth real-thumbnail post-entry slide-entry-overview slide-loop-1 slide-parity-odd  first'><span class='av-partner-fake-img' style='padding-bottom:53.030303030303%; background-image:url(https:\/\/www.quintadofalcao.com\/wp-content\/uploads\/2023\/05\/Group-5.png);'><\/span><\/div><div  class='slide-entry av-2lzrd-24410fae70ff3b20b0b8f2aed71f3471 flex_column no_margin av_one_fifth real-thumbnail post-entry slide-entry-overview slide-loop-2 slide-parity-even'><span class='av-partner-fake-img' style='padding-bottom:53.030303030303%; background-image:url(https:\/\/www.quintadofalcao.com\/wp-content\/uploads\/2023\/05\/Group-2.png);'><\/span><\/div><div  class='slide-entry av-3iu61-bac6ec2fafc0d17623fcbde090235d18 flex_column no_margin av_one_fifth real-thumbnail post-entry slide-entry-overview slide-loop-3 slide-parity-odd'><span class='av-partner-fake-img' style='padding-bottom:53.030303030303%; background-image:url(https:\/\/www.quintadofalcao.com\/wp-content\/uploads\/2023\/05\/Group-1.png);'><\/span><\/div><div  class='slide-entry av-tqpx-0a6533c2d594fbd64201c21e92a9f740 flex_column no_margin av_one_fifth real-thumbnail post-entry slide-entry-overview slide-loop-4 slide-parity-even'><span class='av-partner-fake-img' style='padding-bottom:53.030303030303%; background-image:url(https:\/\/www.quintadofalcao.com\/wp-content\/uploads\/2023\/05\/Group-3.png);'><\/span><\/div><div  class='slide-entry av-lhrhny6e-46619d0a9787562aac0c9e60e10ee3d3 flex_column no_margin av_one_fifth real-thumbnail post-entry slide-entry-overview slide-loop-5 slide-parity-odd'><span class='av-partner-fake-img' style='padding-bottom:53.030303030303%; background-image:url(https:\/\/www.quintadofalcao.com\/wp-content\/uploads\/2023\/05\/Partner-logo.png);'><\/span><\/div><\/div><div class=\"slide-entry-wrap\"><div  class='slide-entry av-2d0ax-218d8f28235b6548de9d181a7f2825cc flex_column no_margin av_one_fifth real-thumbnail post-entry slide-entry-overview slide-loop-6 slide-parity-odd  first'><span class='av-partner-fake-img' style='padding-bottom:53.030303030303%; background-image:url(https:\/\/www.quintadofalcao.com\/wp-content\/uploads\/2023\/05\/Snaffle.png);'><\/span><\/div><div  class='slide-entry av-19kxp-7665f47a509005fbb45270ceb023ccf5 flex_column no_margin av_one_fifth real-thumbnail post-entry slide-entry-overview slide-loop-7 slide-parity-even'><span class='av-partner-fake-img' style='padding-bottom:53.030303030303%; background-image:url(https:\/\/www.quintadofalcao.com\/wp-content\/uploads\/2023\/05\/logo-casa-dovo.png);'><\/span><\/div><div  class='slide-entry av-121ep-d878ceead07b4085f3c0668ddf54d557 flex_column no_margin av_one_fifth real-thumbnail post-entry slide-entry-overview slide-loop-8 slide-parity-odd post-entry-last'><span class='av-partner-fake-img' style='padding-bottom:53.030303030303%; background-image:url(https:\/\/www.quintadofalcao.com\/wp-content\/uploads\/2023\/05\/Contra-galope.png);'><\/span><\/div><\/div><\/div><\/div><br \/>\n\n<style type=\"text\/css\" data-created_by=\"avia_inline_auto\" id=\"style-css-av-lhj5yfgp-1d6b37ecee6b565e43eef3ccda272124\">\n#top .hr.hr-invisible.av-lhj5yfgp-1d6b37ecee6b565e43eef3ccda272124{\nheight:150px;\n}\n<\/style>\n<div  class='hr av-lhj5yfgp-1d6b37ecee6b565e43eef3ccda272124 hr-invisible  avia-builder-el-30  el_after_av_partner  avia-builder-el-last'><span class='hr-inner'><span class=\"hr-inner-style\"><\/span><\/span><\/div><\/p><\/div>","protected":false},"excerpt":{"rendered":"","protected":false},"author":1,"featured_media":0,"parent":0,"menu_order":0,"comment_status":"closed","ping_status":"closed","template":"","meta":{"_monsterinsights_skip_tracking":false,"_monsterinsights_sitenote_active":false,"_monsterinsights_sitenote_note":"","_monsterinsights_sitenote_category":0,"footnotes":""},"class_list":["post-53","page","type-page","status-publish","hentry"],"_links":{"self":[{"href":"https:\/\/www.quintadofalcao.com\/pt\/wp-json\/wp\/v2\/pages\/53","targetHints":{"allow":["GET"]}}],"collection":[{"href":"https:\/\/www.quintadofalcao.com\/pt\/wp-json\/wp\/v2\/pages"}],"about":[{"href":"https:\/\/www.quintadofalcao.com\/pt\/wp-json\/wp\/v2\/types\/page"}],"author":[{"embeddable":true,"href":"https:\/\/www.quintadofalcao.com\/pt\/wp-json\/wp\/v2\/users\/1"}],"replies":[{"embeddable":true,"href":"https:\/\/www.quintadofalcao.com\/pt\/wp-json\/wp\/v2\/comments?post=53"}],"version-history":[{"count":71,"href":"https:\/\/www.quintadofalcao.com\/pt\/wp-json\/wp\/v2\/pages\/53\/revisions"}],"predecessor-version":[{"id":8582,"href":"https:\/\/www.quintadofalcao.com\/pt\/wp-json\/wp\/v2\/pages\/53\/revisions\/8582"}],"wp:attachment":[{"href":"https:\/\/www.quintadofalcao.com\/pt\/wp-json\/wp\/v2\/media?parent=53"}],"curies":[{"name":"wp","href":"https:\/\/api.w.org\/{rel}","templated":true}]}}