{"id":494,"date":"2023-05-30T09:14:31","date_gmt":"2023-05-30T09:14:31","guid":{"rendered":"https:\/\/quintadofalcao.bonsaidev.nl\/?page_id=494"},"modified":"2024-05-15T10:24:35","modified_gmt":"2024-05-15T10:24:35","slug":"agenda","status":"publish","type":"page","link":"https:\/\/www.quintadofalcao.com\/pt\/equestrian-centre\/agenda\/","title":{"rendered":"Agenda"},"content":{"rendered":"<style type=\"text\/css\" data-created_by=\"avia_inline_auto\" id=\"style-css-av-8ql86-2a9ed29961e0674e4a811e566af72c43\">\n.avia-section.av-8ql86-2a9ed29961e0674e4a811e566af72c43{\nbackground-color:#1f5f4c;\nbackground-image:url(https:\/\/www.quintadofalcao.com\/wp-content\/uploads\/2023\/05\/Bg-contact.png);\nbackground-repeat:no-repeat;\nbackground-position:50% 50%;\nbackground-attachment:scroll;\n}\n<\/style>\n<div id='av_section_1'  class='avia-section av-8ql86-2a9ed29961e0674e4a811e566af72c43 main_color avia-section-small avia-no-border-styling  avia-builder-el-0  el_before_av_section  avia-builder-el-first  avia-full-stretch avia-bg-style-scroll container_wrap fullsize'  data-section-bg-repeat='stretch'><div class='container av-section-cont-open' ><main  role=\"main\" itemprop=\"mainContentOfPage\"  class='template-page content  av-content-full alpha units'><div class='post-entry post-entry-type-page post-entry-494'><div class='entry-content-wrapper clearfix'>\n<div class='flex_column_table av-264c7i-2eeeb5ce155677ef713bfd5c9da748df sc-av_three_fourth av-equal-height-column-flextable'>\n<style type=\"text\/css\" data-created_by=\"avia_inline_auto\" id=\"style-css-av-264c7i-2eeeb5ce155677ef713bfd5c9da748df\">\n.flex_column.av-264c7i-2eeeb5ce155677ef713bfd5c9da748df{\npadding:0 250px 0 0;\n}\n<\/style>\n<div class='flex_column av-264c7i-2eeeb5ce155677ef713bfd5c9da748df av_three_fourth  avia-builder-el-1  el_before_av_one_fourth  avia-builder-el-first  padding-blok first no_margin flex_column_table_cell av-equal-height-column av-align-middle'     ><p>\n<style type=\"text\/css\" data-created_by=\"avia_inline_auto\" id=\"style-css-av-lia25ngu-b62b1cb8c9980c6bf22718cbd73f578c\">\n#top .av-special-heading.av-lia25ngu-b62b1cb8c9980c6bf22718cbd73f578c{\npadding-bottom:10px;\ncolor:#f2b125;\n}\nbody .av-special-heading.av-lia25ngu-b62b1cb8c9980c6bf22718cbd73f578c .av-special-heading-tag .heading-char{\nfont-size:25px;\n}\n.av-special-heading.av-lia25ngu-b62b1cb8c9980c6bf22718cbd73f578c .special-heading-inner-border{\nborder-color:#f2b125;\n}\n.av-special-heading.av-lia25ngu-b62b1cb8c9980c6bf22718cbd73f578c .av-subheading{\nfont-size:15px;\n}\n<\/style>\n<div  class='av-special-heading av-lia25ngu-b62b1cb8c9980c6bf22718cbd73f578c av-special-heading-h1 custom-color-heading blockquote modern-quote  avia-builder-el-2  el_before_av_hr  avia-builder-el-first'><h1 class='av-special-heading-tag'  itemprop=\"headline\"  >Agenda de eventos equestres<\/h1><div class=\"special-heading-border\"><div class=\"special-heading-inner-border\"><\/div><\/div><\/div><br \/>\n\n<style type=\"text\/css\" data-created_by=\"avia_inline_auto\" id=\"style-css-av-23skry-71fe353d05fe5210ddcb0f7674437f3e\">\n#top .hr.hr-invisible.av-23skry-71fe353d05fe5210ddcb0f7674437f3e{\nmargin-top:-10px;\nheight:1px;\n}\n<\/style>\n<div  class='hr av-23skry-71fe353d05fe5210ddcb0f7674437f3e hr-invisible  avia-builder-el-3  el_after_av_heading  el_before_av_textblock'><span class='hr-inner'><span class=\"hr-inner-style\"><\/span><\/span><\/div><br \/>\n\n<style type=\"text\/css\" data-created_by=\"avia_inline_auto\" id=\"style-css-av-lia2av7t-ee61733297d89988c0826b2da5d45b0f\">\n#top .av_textblock_section.av-lia2av7t-ee61733297d89988c0826b2da5d45b0f .avia_textblock{\nfont-size:21px;\ncolor:#ffffff;\n}\n<\/style>\n<section  class='av_textblock_section av-lia2av7t-ee61733297d89988c0826b2da5d45b0f'  itemscope=\"itemscope\" itemtype=\"https:\/\/schema.org\/CreativeWork\" ><div class='avia_textblock av_inherit_color'  itemprop=\"text\" ><p>A atividade equestre na Quinta do Falc\u00e3o ser\u00e1 dirigida a todos os n\u00edveis de cavaleiros, desde os que agora se iniciam na pr\u00e1tica aos mais experientes, contando com os conhecimentos consolidados do seu instrutor residente.<\/p>\n<\/div><\/section><\/p><\/div><div class='flex_column av-1yy7rq-a45c6b2054fa8371b96eb595f769ad72 av_one_fourth  avia-builder-el-5  el_after_av_three_fourth  avia-builder-el-last  no_margin flex_column_table_cell av-equal-height-column av-align-middle'     ><div  class='avia-builder-widget-area clearfix  avia-builder-el-6  avia-builder-el-no-sibling'><section id=\"text-2\" class=\"widget clearfix widget_text\"><h3 class=\"widgettitle\">Centro Equestre<\/h3>\t\t\t<div class=\"textwidget\"><p><a href=\"https:\/\/www.quintadofalcao.com\/pt\/equestrian-centre\/our-equestrian-center\/\">Nosso Centro H\u00edpico<\/a><br \/>\n<a href=\"https:\/\/www.quintadofalcao.com\/pt\/equestrian-centre\/the-accommodation\/\">Acomoda\u00e7\u00e3o<\/a><br \/>\n<a href=\"https:\/\/www.quintadofalcao.com\/pt\/equestrian-centre\/location\/\">Localiza\u00e7\u00e3o<\/a><br \/>\n<a href=\"https:\/\/www.quintadofalcao.com\/pt\/equestrian-centre\/packages\/\">Pacotes<\/a><br \/>\n<a href=\"https:\/\/www.quintadofalcao.com\/pt\/equestrian-centre\/the-horses\/\">Os cavalos<\/a><br \/>\n<a href=\"https:\/\/www.quintadofalcao.com\/pt\/equestrian-centre\/team\/\">Equipa<\/a><br \/>\n<a href=\"https:\/\/www.quintadofalcao.com\/pt\/equestrian-centre\/agenda\/\">Agenda<\/a><\/p>\n<\/div>\n\t\t<span class=\"seperator extralight-border\"><\/span><\/section><\/div><\/div><\/div><!--close column table wrapper. Autoclose: 1 -->\n\n<\/div><\/div><\/main><!-- close content main element --><\/div><\/div><div id='av_section_2'  class='avia-section av-1jngly-f81f862f9c392a4c1a14a367e58cccf3 main_color avia-section-default avia-no-border-styling  avia-builder-el-7  el_after_av_section  avia-builder-el-last  avia-bg-style-scroll container_wrap fullsize'  ><div class='container av-section-cont-open' ><div class='template-page content  av-content-full alpha units'><div class='post-entry post-entry-type-page post-entry-494'><div class='entry-content-wrapper clearfix'>\n\n<style type=\"text\/css\" data-created_by=\"avia_inline_auto\" id=\"style-css-av-1cfava-27080a46ccc0d7e5753c56a675f9b0fd\">\n#top .flex_column.av-1cfava-27080a46ccc0d7e5753c56a675f9b0fd{\nmargin-top:-170px;\nmargin-bottom:0px;\n}\n.responsive #top #wrap_all .flex_column.av-1cfava-27080a46ccc0d7e5753c56a675f9b0fd{\nmargin-top:-170px;\nmargin-bottom:0px;\n}\n<\/style>\n<div class='flex_column av-1cfava-27080a46ccc0d7e5753c56a675f9b0fd av_one_third  avia-builder-el-8  el_before_av_two_third  avia-builder-el-first  Content-fotoblok first flex_column_div'     ><style type=\"text\/css\" data-created_by=\"avia_inline_auto\" id=\"style-css-av-1agnnq-0735df0d1ad23136d341a10455ec484a\">\n.avia-image-container.av-1agnnq-0735df0d1ad23136d341a10455ec484a img.avia_image{\nbox-shadow:none;\n}\n.avia-image-container.av-1agnnq-0735df0d1ad23136d341a10455ec484a .av-image-caption-overlay-center{\ncolor:#ffffff;\n}\n<\/style>\n<div  class='avia-image-container av-1agnnq-0735df0d1ad23136d341a10455ec484a av-styling-no-styling avia-align-left  avia-builder-el-9  avia-builder-el-no-sibling'   itemprop=\"image\" itemscope=\"itemscope\" itemtype=\"https:\/\/schema.org\/ImageObject\" ><div class=\"avia-image-container-inner\"><div class=\"avia-image-overlay-wrap\"><img decoding=\"async\" class='wp-image-261 avia-img-lazy-loading-not-261 avia_image' src=\"https:\/\/www.quintadofalcao.com\/wp-content\/uploads\/2023\/05\/Equestrian-centre.png\" alt='' title='Centro H\u00edpico'  height=\"1300\" width=\"880\"  itemprop=\"thumbnailUrl\" srcset=\"https:\/\/www.quintadofalcao.com\/wp-content\/uploads\/2023\/05\/Equestrian-centre.png 880w, https:\/\/www.quintadofalcao.com\/wp-content\/uploads\/2023\/05\/Equestrian-centre-203x300.png 203w, https:\/\/www.quintadofalcao.com\/wp-content\/uploads\/2023\/05\/Equestrian-centre-697x1030.png 697w, https:\/\/www.quintadofalcao.com\/wp-content\/uploads\/2023\/05\/Equestrian-centre-768x1135.png 768w, https:\/\/www.quintadofalcao.com\/wp-content\/uploads\/2023\/05\/Equestrian-centre-8x12.png 8w, https:\/\/www.quintadofalcao.com\/wp-content\/uploads\/2023\/05\/Equestrian-centre-477x705.png 477w\" sizes=\"(max-width: 880px) 100vw, 880px\" \/><\/div><\/div><\/div><\/div>\n<style type=\"text\/css\" data-created_by=\"avia_inline_auto\" id=\"style-css-av-3tz7a-6923a9e378736bbd4d33550b6d71364a\">\n#top .flex_column.av-3tz7a-6923a9e378736bbd4d33550b6d71364a{\nmargin-top:0px;\nmargin-bottom:0px;\n}\n.flex_column.av-3tz7a-6923a9e378736bbd4d33550b6d71364a{\npadding:50px 0 0 0;\n}\n.responsive #top #wrap_all .flex_column.av-3tz7a-6923a9e378736bbd4d33550b6d71364a{\nmargin-top:0px;\nmargin-bottom:0px;\n}\n<\/style>\n<div class='flex_column av-3tz7a-6923a9e378736bbd4d33550b6d71364a av_two_third  avia-builder-el-10  el_after_av_one_third  el_before_av_hr  Content-tekstblok flex_column_div'     ><section  class='av_textblock_section av-lia2sbpd-6c5d13ce9f1e3c472760f8a3c14c6174'  itemscope=\"itemscope\" itemtype=\"https:\/\/schema.org\/CreativeWork\" ><div class='avia_textblock'  itemprop=\"text\" ><h2>Agenda 2024<\/h2>\n<\/div><\/section><br \/>\n<div  class='togglecontainer av-lia2hnmk-02a1bdd53f165be2d0db6b45127f7cfc av-minimal-toggle  avia-builder-el-12  el_after_av_textblock  avia-builder-el-last  toggle_close_all' >\n<section class='av_toggle_section av-lia2elv1-3-064df8887ad20f6f7548019fd2849e29'  itemscope=\"itemscope\" itemtype=\"https:\/\/schema.org\/CreativeWork\" ><div role=\"tablist\" class=\"single_toggle\" data-tags=\"{All} \"  ><p data-fake-id='#toggle-id-1' class='toggler  activeTitle'  itemprop=\"headline\"  role='tab' tabindex='0' aria-controls='toggle-id-1'>March\/June GET TO KNOW THE LUSITANO <span class=\"toggle_icon\"><span class=\"vert_icon\"><\/span><span class=\"hor_icon\"><\/span><\/span><\/p><div id='toggle-id-1' class='toggle_wrap  active_tc' style='display:block;' ><div class='toggle_content invers-color'  itemprop=\"text\" ><p><em>programa com a Quinta do Falc\u00e3o &amp; Global Horse Promotion<\/em><\/p>\n<p>In this new theme week, you will go for a one-week stay at the Portuguese stable Quinta do Falc\u00e3o. Here we are going to teach and show you all about this multi-talented breed. Listen to a presentation on the history of Portugal\u2019s pride. Experience and see for yourself the different disciplines they are used for. Bullfighting, Working Equitation and Dressage. We will visit two leading breeders, Veiga Stud and Alter Stud farm. You will get several lessons yourself from trainer Pedro Teixeira Farto on Lusitanos. We will go for an outdoor ride to the river with picnic lunch, take a ride through the vineyards, taste the wines, check out a traditional Portuguese equestrian shop and MUCH MORE! Hope to see you in March!<\/p>\n<p><strong>Dates 2024<\/strong><\/p>\n<p>15 &#8211; 21 March<br \/>\n24 &#8211; 30 June<\/p>\n<p><a class=\"avia-button av-14f9x4-f438cdce7920ade26af9bfb29b49bdf2 avia-icon_select-no avia-size-small avia-position-left avia-color-theme-color\" href=\"https:\/\/www.quintadofalcao.com\/wp-content\/uploads\/2024\/02\/GET-TO-KNOW-THE-LUSITANO-WEEKS-2024.pdf\" target=\"_blank\" rel=\"noopener\">Baixar PDF<\/a><\/p>\n<\/div><\/div><\/div><\/section>\n<section class='av_toggle_section av-lia2elv1-2-d68a6b07583e517330e67b39201457b6'  itemscope=\"itemscope\" itemtype=\"https:\/\/schema.org\/CreativeWork\" ><div role=\"tablist\" class=\"single_toggle\" data-tags=\"{All} \"  ><p data-fake-id='#toggle-id-2' class='toggler'  itemprop=\"headline\"  role='tab' tabindex='0' aria-controls='toggle-id-2'>June\/July \u2013 YOGA WEEKS<span class=\"toggle_icon\"><span class=\"vert_icon\"><\/span><span class=\"hor_icon\"><\/span><\/span><\/p><div id='toggle-id-2' class='toggle_wrap'  ><div class='toggle_content invers-color'  itemprop=\"text\" ><p><em>programme with Quinta do Falcao &amp; Dan + Eva<\/em><\/p>\n<p>A dream opportunity for people who love to relax! Come for the very first Yoga Weeks with Dan and Eva to our Farm.<\/p>\n<p><strong><br \/>\nDates 2024<\/strong><\/p>\n<p>4-8 June<br \/>\n2-6 July<\/p>\n<p><a class=\"avia-button av-14f9x4-f438cdce7920ade26af9bfb29b49bdf2 avia-icon_select-no avia-size-small avia-position-left avia-color-theme-color\" href=\"https:\/\/www.quintadofalcao.com\/wp-content\/uploads\/2024\/02\/YOGA-WEEKS-2024.pdf\" target=\"_blank\" rel=\"noopener\">Download PDF<\/a><\/p>\n<\/div><\/div><\/div><\/section>\n<section class='av_toggle_section av-lia2elv1-5b03b286c3aa9739224bc05a05a1cf5c'  itemscope=\"itemscope\" itemtype=\"https:\/\/schema.org\/CreativeWork\" ><div role=\"tablist\" class=\"single_toggle\" data-tags=\"{All} \"  ><p data-fake-id='#toggle-id-3' class='toggler'  itemprop=\"headline\"  role='tab' tabindex='0' aria-controls='toggle-id-3'>July- TEMPLERS WEEK<span class=\"toggle_icon\"><span class=\"vert_icon\"><\/span><span class=\"hor_icon\"><\/span><\/span><\/p><div id='toggle-id-3' class='toggle_wrap'  ><div class='toggle_content invers-color'  itemprop=\"text\" ><p><em>programa com a Quinta do Falc\u00e3o<\/em><\/p>\n<p>10 &#8211; 14 July<\/p>\n<p><a class=\"avia-button av-14f9x4-f438cdce7920ade26af9bfb29b49bdf2 avia-icon_select-no avia-size-small avia-position-left avia-color-theme-color\" href=\"https:\/\/www.quintadofalcao.com\/wp-content\/uploads\/2023\/05\/Tabuleiros-Feast_brochure_final.pdf\" target=\"_blank\" rel=\"noopener\">Baixar PDF<\/a><\/p>\n<\/div><\/div><\/div><\/section>\n<section class='av_toggle_section av-lw7o9yvt-b23bc3e8cc39b3803a6acdeeca760a21'  itemscope=\"itemscope\" itemtype=\"https:\/\/schema.org\/CreativeWork\" ><div role=\"tablist\" class=\"single_toggle\" data-tags=\"{All} \"  ><p data-fake-id='#toggle-id-4' class='toggler'  itemprop=\"headline\"  role='tab' tabindex='0' aria-controls='toggle-id-4'>August - Kidsweek<span class=\"toggle_icon\"><span class=\"vert_icon\"><\/span><span class=\"hor_icon\"><\/span><\/span><\/p><div id='toggle-id-4' class='toggle_wrap'  ><div class='toggle_content invers-color'  itemprop=\"text\" ><p>Monday 29 July &#8211; Sunday 4 August<br \/>\nThis holiday is suitable for families with kids who may or may not ride horses!<br \/>\nFor parents and\/or kids, we offer the possibility of private 45-minute riding lessons<br \/>\nevery morning from top trainer and children\u2019s friend Pedro. So also for fathers, brothers, grannies etc who do not ride we make a<br \/>\nprogramme. Most importantly, you will be together in a great place among the animals and have the opportunity to ride great horses.<\/p>\n<p>Organized by Floor Schoenmakers of Global Horse Promotions.<\/p>\n<p><a href=\"https:\/\/www.quintadofalcao.com\/wp-content\/uploads\/2024\/05\/KIDSWEEK-Portugal-2024_uk.pdf\">Download the PDF<\/a><\/p>\n<\/div><\/div><\/div><\/section>\n<section class='av_toggle_section av-lw7ob9cm-582b3cef39e6ddf6a5a3eee7def0dd5f'  itemscope=\"itemscope\" itemtype=\"https:\/\/schema.org\/CreativeWork\" ><div role=\"tablist\" class=\"single_toggle\" data-tags=\"{All} \"  ><p data-fake-id='#toggle-id-5' class='toggler'  itemprop=\"headline\"  role='tab' tabindex='0' aria-controls='toggle-id-5'>August - Farewell Rui Salvador<span class=\"toggle_icon\"><span class=\"vert_icon\"><\/span><span class=\"hor_icon\"><\/span><\/span><\/p><div id='toggle-id-5' class='toggle_wrap'  ><div class='toggle_content invers-color'  itemprop=\"text\" ><p>After 40 years Rui Salvador says goodbye to the Portuguese bullfighting! Join us on this very special week.<\/p>\n<p><a href=\"https:\/\/www.quintadofalcao.com\/wp-content\/uploads\/2024\/05\/RUI-SALVADOR-FAREWELL.pdf\">Download the PDF<\/a><\/p>\n<\/div><\/div><\/div><\/section>\n<section class='av_toggle_section av-lia2elv1-1-a5378525c6a799db84dfec90cfbd117c'  itemscope=\"itemscope\" itemtype=\"https:\/\/schema.org\/CreativeWork\" ><div role=\"tablist\" class=\"single_toggle\" data-tags=\"{All} \"  ><p data-fake-id='#toggle-id-6' class='toggler'  itemprop=\"headline\"  role='tab' tabindex='0' aria-controls='toggle-id-6'>Novembro - FEIRA DO CAVALO GOLEGA <span class=\"toggle_icon\"><span class=\"vert_icon\"><\/span><span class=\"hor_icon\"><\/span><\/span><\/p><div id='toggle-id-6' class='toggle_wrap'  ><div class='toggle_content invers-color'  itemprop=\"text\" ><p><em>programa com a Quinta do Falc\u00e3o<\/em><\/p>\n<p>Todo m\u00eas de novembro \u00e9 a Feira do Cavalo da Golega onde dez dias homenageiam o Lusitano. \u00c9 uma grande festa, com shows, competi\u00e7\u00f5es (Salto, Adestramento, TREC, Horseball, Ladies Saddle e muito mais). Ao redor da arena, os portugueses desfilam seus cavalos Lusitanos desde o in\u00edcio da manh\u00e3 at\u00e9 tarde da noite. S\u00e3o in\u00fameros os bares e restaurantes, as bancas de venda de apetrechos e roupas para cavalos, a fumagem de castanhas e a bebida Ginja servida. Um evento h\u00edpico completamente \u00fanico e, no que diz respeito ao Horse Pass, o mais bonito do mundo.<\/p>\n<p>Em consulta com a Quinta do Falc\u00e3o, o Horse Pass faz todos os anos um pacote especial em que fica hospedado na Quinta do Falc\u00e3o em regime de pens\u00e3o completa (pequeno-almo\u00e7o\/almo\u00e7o\/jantar) e durante a sua estadia \u00e9 levado uma vez \u00e0 Feira do Cavalo da Goleg\u00e3, onde, nos seus est\u00e1bulos mesmo ao lado da arena, podes descolar e cavalgar com todos os portugueses na manga (a pista de equita\u00e7\u00e3o \u00e0 volta da arena). Antes e depois da cavalgada, voc\u00ea ser\u00e1 recebido em seu andar privado no primeiro andar com vista para o evento, e depois desfrutar\u00e1 de um jantar portugu\u00eas n\u00e3o adulterado em seu restaurante ao lado. Exclui voos, aluguel de carro ou pick-up &amp; transfer, seguro de viagem\/cancelamento (obrigat\u00f3rio), despesas pessoais e gorjetas.<\/p>\n<p><a class=\"avia-button av-14f9x4-f438cdce7920ade26af9bfb29b49bdf2 avia-icon_select-no avia-size-small avia-position-left avia-color-theme-color\" href=\"https:\/\/www.quintadofalcao.com\/wp-content\/uploads\/2024\/02\/Quinta-do-Falcao_-Golega_-2024.pdf\" target=\"_blank\" rel=\"noopener\">Baixar PDF<\/a><\/p>\n<\/div><\/div><\/div><\/section>\n<\/div><\/p><\/div>\n<style type=\"text\/css\" data-created_by=\"avia_inline_auto\" id=\"style-css-av-lia2vikq-5568ba32f954500641f2964161b36b0d\">\n#top .hr.hr-invisible.av-lia2vikq-5568ba32f954500641f2964161b36b0d{\nheight:160px;\n}\n<\/style>\n<div  class='hr av-lia2vikq-5568ba32f954500641f2964161b36b0d hr-invisible  avia-builder-el-13  el_after_av_two_third  avia-builder-el-last'><span class='hr-inner'><span class=\"hr-inner-style\"><\/span><\/span><\/div>","protected":false},"excerpt":{"rendered":"","protected":false},"author":1,"featured_media":0,"parent":21,"menu_order":0,"comment_status":"closed","ping_status":"closed","template":"","meta":{"_monsterinsights_skip_tracking":false,"_monsterinsights_sitenote_active":false,"_monsterinsights_sitenote_note":"","_monsterinsights_sitenote_category":0,"footnotes":""},"class_list":["post-494","page","type-page","status-publish","hentry"],"_links":{"self":[{"href":"https:\/\/www.quintadofalcao.com\/pt\/wp-json\/wp\/v2\/pages\/494","targetHints":{"allow":["GET"]}}],"collection":[{"href":"https:\/\/www.quintadofalcao.com\/pt\/wp-json\/wp\/v2\/pages"}],"about":[{"href":"https:\/\/www.quintadofalcao.com\/pt\/wp-json\/wp\/v2\/types\/page"}],"author":[{"embeddable":true,"href":"https:\/\/www.quintadofalcao.com\/pt\/wp-json\/wp\/v2\/users\/1"}],"replies":[{"embeddable":true,"href":"https:\/\/www.quintadofalcao.com\/pt\/wp-json\/wp\/v2\/comments?post=494"}],"version-history":[{"count":16,"href":"https:\/\/www.quintadofalcao.com\/pt\/wp-json\/wp\/v2\/pages\/494\/revisions"}],"predecessor-version":[{"id":8519,"href":"https:\/\/www.quintadofalcao.com\/pt\/wp-json\/wp\/v2\/pages\/494\/revisions\/8519"}],"up":[{"embeddable":true,"href":"https:\/\/www.quintadofalcao.com\/pt\/wp-json\/wp\/v2\/pages\/21"}],"wp:attachment":[{"href":"https:\/\/www.quintadofalcao.com\/pt\/wp-json\/wp\/v2\/media?parent=494"}],"curies":[{"name":"wp","href":"https:\/\/api.w.org\/{rel}","templated":true}]}}